{"id":457,"date":"2023-10-13T13:32:34","date_gmt":"2023-10-13T11:32:34","guid":{"rendered":"https:\/\/rrr.mailbox-marketing10.be\/?page_id=457"},"modified":"2024-02-06T16:28:26","modified_gmt":"2024-02-06T15:28:26","slug":"total-oil-management","status":"publish","type":"page","link":"https:\/\/www.triple-r-europe.com\/fi\/oljyn-kokonaishallinta\/","title":{"rendered":"Total Oil Management"},"content":{"rendered":"<div data-elementor-type=\"wp-page\" data-elementor-id=\"457\" class=\"elementor elementor-457\" data-elementor-settings=\"{&quot;ha_cmc_init_switcher&quot;:&quot;no&quot;}\" data-elementor-post-type=\"page\">\n\t\t\t\t<div class=\"elementor-element elementor-element-a7e5988 e-flex e-con-boxed e-con e-parent\" data-id=\"a7e5988\" data-element_type=\"container\" data-e-type=\"container\" data-settings=\"{&quot;background_background&quot;:&quot;classic&quot;,&quot;jet_parallax_layout_list&quot;:[],&quot;_ha_eqh_enable&quot;:false}\">\n\t\t\t\t\t<div class=\"e-con-inner\">\n\t\t<div class=\"elementor-element elementor-element-6dbd528 e-con-full e-flex e-con e-child\" data-id=\"6dbd528\" data-element_type=\"container\" data-e-type=\"container\" data-settings=\"{&quot;jet_parallax_layout_list&quot;:[],&quot;_ha_eqh_enable&quot;:false}\">\n\t\t\t\t<div class=\"elementor-element elementor-element-f1140dd elementor-widget__width-initial elementor-widget elementor-widget-heading\" data-id=\"f1140dd\" data-element_type=\"widget\" data-e-type=\"widget\" data-widget_type=\"heading.default\">\n\t\t\t\t<div class=\"elementor-widget-container\">\n\t\t\t\t\t<h1 class=\"elementor-heading-title elementor-size-default\">Lopeta \u00f6ljyn vaihtaminen Aloita sen puhdistaminen<\/h1>\t\t\t\t<\/div>\n\t\t\t\t<\/div>\n\t\t\t\t<div class=\"elementor-element elementor-element-d68461d elementor-widget elementor-widget-text-editor\" data-id=\"d68461d\" data-element_type=\"widget\" data-e-type=\"widget\" data-widget_type=\"text-editor.default\">\n\t\t\t\t<div class=\"elementor-widget-container\">\n\t\t\t\t\t\t\t\t\t<p>Teollisuus k\u00e4ytt\u00e4\u00e4 alle 10 \u00b5:n \u00f6ljykalvoa. T\u00e4m\u00e4 minimaalinen \u00f6ljykalvo takaa t\u00e4ydellisen voitelun hydraulisille koneille ja vaihteistoille.<br \/>K\u00e4yt\u00e4nt\u00f6 osoittaa, ett\u00e4 yli 70% kaikista hydrauliikkakoneista on eritt\u00e4in saastunutta (&gt; NAS 9, &gt; ISO 21\/18\/16), mutta t\u00e4ydellinen voitelu vaatii 100% puhdasta \u00f6ljy\u00e4! Aika aloittaa puhdistus... .<\/p>\t\t\t\t\t\t\t\t<\/div>\n\t\t\t\t<\/div>\n\t\t\t\t<div class=\"elementor-element elementor-element-ec9b7b6 elementor-widget__width-initial elementor-widget elementor-widget-heading\" data-id=\"ec9b7b6\" data-element_type=\"widget\" data-e-type=\"widget\" data-widget_type=\"heading.default\">\n\t\t\t\t<div class=\"elementor-widget-container\">\n\t\t\t\t\t<h2 class=\"elementor-heading-title elementor-size-default\">Tulos<\/h2>\t\t\t\t<\/div>\n\t\t\t\t<\/div>\n\t\t\t\t<div class=\"elementor-element elementor-element-6b5f6a0 elementor-widget elementor-widget-text-editor\" data-id=\"6b5f6a0\" data-element_type=\"widget\" data-e-type=\"widget\" data-widget_type=\"text-editor.default\">\n\t\t\t\t<div class=\"elementor-widget-container\">\n\t\t\t\t\t\t\t\t\t<p>Puhdas \u00f6ljy v\u00e4hent\u00e4\u00e4 kulumista, pumppujen ja venttiilien rikkoutumista, vuotoja, koneen pys\u00e4htymist\u00e4, \u00f6ljynvaihtojen tiheytt\u00e4, mutta ennen kaikkea ... tuottavuutta ja tuotannon menetyksi\u00e4!<\/p><p>Tehokas \u00f6ljynhallinta on olennaisen t\u00e4rke\u00e4\u00e4.<br \/>\u00d6ljyn ja j\u00e4rjestelm\u00e4n suodattimien ajoittainen vaihtaminen ei takaa puhdasta \u00f6ljy\u00e4.<\/p><p>OIL MANAGEMENT PROGRAM -ohjelmallamme sitoudumme jatkuvaan t\u00e4ydellisen puhtaaseen \u00f6ljyyn 50%:lla todellisista \u00f6ljykustannuksistasi!<\/p>\t\t\t\t\t\t\t\t<\/div>\n\t\t\t\t<\/div>\n\t\t\t\t<\/div>\n\t\t<div class=\"elementor-element elementor-element-3c4da1e e-con-full e-flex e-con e-child\" data-id=\"3c4da1e\" data-element_type=\"container\" data-e-type=\"container\" data-settings=\"{&quot;background_background&quot;:&quot;video&quot;,&quot;jet_parallax_layout_list&quot;:[],&quot;background_video_link&quot;:&quot;https:\\\/\\\/www.triple-r-europe.com\\\/wp-content\\\/uploads\\\/2023\\\/10\\\/Moving-Oil-Triple-R.mp4&quot;,&quot;background_play_on_mobile&quot;:&quot;yes&quot;,&quot;_ha_eqh_enable&quot;:false}\">\n\t\t<div class=\"elementor-background-video-container\">\n\t\t\t\t\t\t\t<video class=\"elementor-background-video-hosted\" role=\"presentation\" autoplay muted playsinline loop><\/video>\n\t\t\t\t\t<\/div>\t\t<\/div>\n\t\t\t\t\t<\/div>\n\t\t\t\t<\/div>\n\t\t<div class=\"elementor-element elementor-element-2603dfe e-flex e-con-boxed e-con e-parent\" data-id=\"2603dfe\" data-element_type=\"container\" data-e-type=\"container\" data-settings=\"{&quot;background_background&quot;:&quot;classic&quot;,&quot;jet_parallax_layout_list&quot;:[],&quot;_ha_eqh_enable&quot;:false}\">\n\t\t\t\t\t<div class=\"e-con-inner\">\n\t\t\t\t<div class=\"elementor-element elementor-element-7ceeca3 elementor-widget__width-initial elementor-widget elementor-widget-heading\" data-id=\"7ceeca3\" data-element_type=\"widget\" data-e-type=\"widget\" data-widget_type=\"heading.default\">\n\t\t\t\t<div class=\"elementor-widget-container\">\n\t\t\t\t\t<h2 class=\"elementor-heading-title elementor-size-default\">\u00d6ljynhallintaohjelma<\/h2>\t\t\t\t<\/div>\n\t\t\t\t<\/div>\n\t\t<div class=\"elementor-element elementor-element-d691c37 e-flex e-con-boxed e-con e-child\" data-id=\"d691c37\" data-element_type=\"container\" data-e-type=\"container\" data-settings=\"{&quot;jet_parallax_layout_list&quot;:[],&quot;_ha_eqh_enable&quot;:false}\">\n\t\t\t\t\t<div class=\"e-con-inner\">\n\t\t<div class=\"elementor-element elementor-element-e5df4f6 e-con-full e-flex e-con e-child\" data-id=\"e5df4f6\" data-element_type=\"container\" data-e-type=\"container\" data-settings=\"{&quot;jet_parallax_layout_list&quot;:[],&quot;_ha_eqh_enable&quot;:false}\">\n\t\t\t\t<div class=\"elementor-element elementor-element-7087833 elementor-widget elementor-widget-heading\" data-id=\"7087833\" data-element_type=\"widget\" data-e-type=\"widget\" data-widget_type=\"heading.default\">\n\t\t\t\t<div class=\"elementor-widget-container\">\n\t\t\t\t\t<h3 class=\"elementor-heading-title elementor-size-default\"> \t\nTietoon perustuvat p\u00e4\u00e4t\u00f6kset<\/h3>\t\t\t\t<\/div>\n\t\t\t\t<\/div>\n\t\t\t\t<div class=\"elementor-element elementor-element-2cc654e elementor-widget elementor-widget-text-editor\" data-id=\"2cc654e\" data-element_type=\"widget\" data-e-type=\"widget\" data-widget_type=\"text-editor.default\">\n\t\t\t\t<div class=\"elementor-widget-container\">\n\t\t\t\t\t\t\t\t\t<p>Suodatusasiantuntijamme ottaa \u00f6ljyn\u00e4ytteen ennen ja j\u00e4lkeen puhdistuksen. Ehdotettu ratkaisu takaa puhtaan \u00f6ljyn.\u00a0<\/p>\t\t\t\t\t\t\t\t<\/div>\n\t\t\t\t<\/div>\n\t\t\t\t<div class=\"elementor-element elementor-element-17c6f3d elementor-widget elementor-widget-heading\" data-id=\"17c6f3d\" data-element_type=\"widget\" data-e-type=\"widget\" data-widget_type=\"heading.default\">\n\t\t\t\t<div class=\"elementor-widget-container\">\n\t\t\t\t\t<h3 class=\"elementor-heading-title elementor-size-default\">\u00d6ljynhallinta on 50% halvempaa kuin \u00f6ljynvaihto!<\/h3>\t\t\t\t<\/div>\n\t\t\t\t<\/div>\n\t\t\t\t<div class=\"elementor-element elementor-element-959ede4 elementor-widget elementor-widget-text-editor\" data-id=\"959ede4\" data-element_type=\"widget\" data-e-type=\"widget\" data-widget_type=\"text-editor.default\">\n\t\t\t\t<div class=\"elementor-widget-container\">\n\t\t\t\t\t\t\t\t\t<p>\u00d6ljynvaihdon yhteydess\u00e4 \u00f6ljy heitet\u00e4\u00e4n pois, koska se on kuivunut, ei siksi, ett\u00e4 \u00f6ljy on huono. \u00d6ljynhallintaohjelmalla v\u00e4ltet\u00e4\u00e4n likaisen \u00f6ljyn poisheitt\u00e4minen.<\/p>\t\t\t\t\t\t\t\t<\/div>\n\t\t\t\t<\/div>\n\t\t\t\t<div class=\"elementor-element elementor-element-b9ddb2b elementor-widget elementor-widget-heading\" data-id=\"b9ddb2b\" data-element_type=\"widget\" data-e-type=\"widget\" data-widget_type=\"heading.default\">\n\t\t\t\t<div class=\"elementor-widget-container\">\n\t\t\t\t\t<h3 class=\"elementor-heading-title elementor-size-default\">\t\nLis\u00e4\u00e4ntynyt koneen luotettavuus<\/h3>\t\t\t\t<\/div>\n\t\t\t\t<\/div>\n\t\t\t\t<div class=\"elementor-element elementor-element-b269edc elementor-widget elementor-widget-text-editor\" data-id=\"b269edc\" data-element_type=\"widget\" data-e-type=\"widget\" data-widget_type=\"text-editor.default\">\n\t\t\t\t<div class=\"elementor-widget-container\">\n\t\t\t\t\t\t\t\t\t<p>S\u00e4\u00e4nn\u00f6llisen \u00f6ljynvaihdon yhteydess\u00e4 letkuihin ja j\u00e4rjestelm\u00e4n s\u00e4ili\u00f6\u00f6n j\u00e4\u00e4 kiinteit\u00e4 hiukkasia, vett\u00e4 ja hapettumia. Saastunut \u00f6ljy johtaa ennemmin tai my\u00f6hemmin koneen rikkoutumiseen ja tuotannon menetykseen. \u00d6ljynhallintaohjelmamme puhdistaa koko j\u00e4rjestelm\u00e4n.<\/p>\t\t\t\t\t\t\t\t<\/div>\n\t\t\t\t<\/div>\n\t\t\t\t<\/div>\n\t\t<div class=\"elementor-element elementor-element-13a92e4 e-con-full e-flex e-con e-child\" data-id=\"13a92e4\" data-element_type=\"container\" data-e-type=\"container\" data-settings=\"{&quot;jet_parallax_layout_list&quot;:[],&quot;_ha_eqh_enable&quot;:false}\">\n\t\t\t\t<div class=\"elementor-element elementor-element-b02944a elementor-widget elementor-widget-heading\" data-id=\"b02944a\" data-element_type=\"widget\" data-e-type=\"widget\" data-widget_type=\"heading.default\">\n\t\t\t\t<div class=\"elementor-widget-container\">\n\t\t\t\t\t<h3 class=\"elementor-heading-title elementor-size-default\">\t\nLis\u00e4\u00e4ntynyt tuotantoteho<\/h3>\t\t\t\t<\/div>\n\t\t\t\t<\/div>\n\t\t\t\t<div class=\"elementor-element elementor-element-91e9e28 elementor-widget elementor-widget-text-editor\" data-id=\"91e9e28\" data-element_type=\"widget\" data-e-type=\"widget\" data-widget_type=\"text-editor.default\">\n\t\t\t\t<div class=\"elementor-widget-container\">\n\t\t\t\t\t\t\t\t\t<p>\u00d6ljynpuhdistus tapahtuu koneen ollessa k\u00e4ynniss\u00e4. Kone ei pys\u00e4hdy huollon ajaksi = lis\u00e4\u00e4ntynyt tuotantoteho.<\/p>\t\t\t\t\t\t\t\t<\/div>\n\t\t\t\t<\/div>\n\t\t\t\t<div class=\"elementor-element elementor-element-1bc23f6 elementor-widget elementor-widget-heading\" data-id=\"1bc23f6\" data-element_type=\"widget\" data-e-type=\"widget\" data-widget_type=\"heading.default\">\n\t\t\t\t<div class=\"elementor-widget-container\">\n\t\t\t\t\t<h3 class=\"elementor-heading-title elementor-size-default\">Ymp\u00e4rist\u00f6mme palveleminen<\/h3>\t\t\t\t<\/div>\n\t\t\t\t<\/div>\n\t\t\t\t<div class=\"elementor-element elementor-element-8400545 elementor-widget elementor-widget-text-editor\" data-id=\"8400545\" data-element_type=\"widget\" data-e-type=\"widget\" data-widget_type=\"text-editor.default\">\n\t\t\t\t<div class=\"elementor-widget-container\">\n\t\t\t\t\t\t\t\t\t<p>\u00d6ljynhallintaohjelmalla v\u00e4ltet\u00e4\u00e4n arvokkaan \u00f6ljyn tuhlaaminen. T\u00e4m\u00e4 tukee ymp\u00e4rist\u00f6\u00e4mme ja auttaa sinua s\u00e4\u00e4st\u00e4m\u00e4\u00e4n huoltokuluissa.<\/p>\t\t\t\t\t\t\t\t<\/div>\n\t\t\t\t<\/div>\n\t\t\t\t<div class=\"elementor-element elementor-element-cebdc43 elementor-widget elementor-widget-image\" data-id=\"cebdc43\" data-element_type=\"widget\" data-e-type=\"widget\" data-widget_type=\"image.default\">\n\t\t\t\t<div class=\"elementor-widget-container\">\n\t\t\t\t\t\t\t\t\t\t\t\t\t\t\t<img fetchpriority=\"high\" decoding=\"async\" width=\"800\" height=\"447\" src=\"https:\/\/www.triple-r-europe.com\/wp-content\/uploads\/2023\/10\/Footprint-1.png\" class=\"attachment-large size-large wp-image-2683\" alt=\"\" srcset=\"https:\/\/www.triple-r-europe.com\/wp-content\/uploads\/2023\/10\/Footprint-1.png 854w, https:\/\/www.triple-r-europe.com\/wp-content\/uploads\/2023\/10\/Footprint-1-500x279.png 500w, https:\/\/www.triple-r-europe.com\/wp-content\/uploads\/2023\/10\/Footprint-1-768x429.png 768w\" sizes=\"(max-width: 800px) 100vw, 800px\" \/>\t\t\t\t\t\t\t\t\t\t\t\t\t\t\t<\/div>\n\t\t\t\t<\/div>\n\t\t\t\t<\/div>\n\t\t\t\t\t<\/div>\n\t\t\t\t<\/div>\n\t\t\t\t\t<\/div>\n\t\t\t\t<\/div>\n\t\t<div class=\"elementor-element elementor-element-06e43fc e-con-full e-flex e-con e-parent\" data-id=\"06e43fc\" data-element_type=\"container\" data-e-type=\"container\" data-settings=\"{&quot;jet_parallax_layout_list&quot;:[],&quot;_ha_eqh_enable&quot;:false}\">\n\t\t\t\t<div class=\"elementor-element elementor-element-6674215 elementor-widget elementor-widget-template\" data-id=\"6674215\" data-element_type=\"widget\" data-e-type=\"widget\" data-widget_type=\"template.default\">\n\t\t\t\t<div class=\"elementor-widget-container\">\n\t\t\t\t\t\t\t<div class=\"elementor-template\">\n\t\t\t\t\t<div data-elementor-type=\"section\" data-elementor-id=\"495\" class=\"elementor elementor-495\" data-elementor-settings=\"{&quot;ha_cmc_init_switcher&quot;:&quot;no&quot;}\" data-elementor-post-type=\"elementor_library\">\n\t\t\t<div class=\"elementor-element elementor-element-f9c6ba7 e-flex e-con-boxed e-con e-parent\" data-id=\"f9c6ba7\" data-element_type=\"container\" data-e-type=\"container\" data-settings=\"{&quot;background_background&quot;:&quot;classic&quot;,&quot;jet_parallax_layout_list&quot;:[],&quot;_ha_eqh_enable&quot;:false}\">\n\t\t\t\t\t<div class=\"e-con-inner\">\n\t\t\t\t<div class=\"elementor-element elementor-element-f23febe elementor-widget elementor-widget-heading\" data-id=\"f23febe\" data-element_type=\"widget\" data-e-type=\"widget\" data-widget_type=\"heading.default\">\n\t\t\t\t<div class=\"elementor-widget-container\">\n\t\t\t\t\t<h2 class=\"elementor-heading-title elementor-size-default\">Ota meihin yhteytt\u00e4 kattavia ratkaisuja varten<\/h2>\t\t\t\t<\/div>\n\t\t\t\t<\/div>\n\t\t\t\t<div class=\"elementor-element elementor-element-f27d57f elementor-widget elementor-widget-text-editor\" data-id=\"f27d57f\" data-element_type=\"widget\" data-e-type=\"widget\" data-widget_type=\"text-editor.default\">\n\t\t\t\t<div class=\"elementor-widget-container\">\n\t\t\t\t\t\t\t\t\t<p>Koe huippuluokan suodatus- ja \u00f6ljynpuhdistusratkaisumme, jotka on suunniteltu vastaamaan erityistarpeitasi. Omistautunut tiimimme on valmis auttamaan sinua kaikissa tiedusteluissa, teknisess\u00e4 tuessa tai aikataulukonsultaatioissa.<\/p>\t\t\t\t\t\t\t\t<\/div>\n\t\t\t\t<\/div>\n\t\t<div class=\"elementor-element elementor-element-e41a51c e-flex e-con-boxed e-con e-child\" data-id=\"e41a51c\" data-element_type=\"container\" data-e-type=\"container\" data-settings=\"{&quot;jet_parallax_layout_list&quot;:[],&quot;_ha_eqh_enable&quot;:false}\">\n\t\t\t\t\t<div class=\"e-con-inner\">\n\t\t\t\t<div class=\"elementor-element elementor-element-836a652 elementor-widget__width-auto my-gradient-btn elementor-widget elementor-widget-button\" data-id=\"836a652\" data-element_type=\"widget\" data-e-type=\"widget\" data-widget_type=\"button.default\">\n\t\t\t\t<div class=\"elementor-widget-container\">\n\t\t\t\t\t\t\t\t\t<div class=\"elementor-button-wrapper\">\n\t\t\t\t\t<a class=\"elementor-button elementor-button-link elementor-size-sm\" href=\"https:\/\/www.triple-r-europe.com\/fi\/ota-yhteytta\/\">\n\t\t\t\t\t\t<span class=\"elementor-button-content-wrapper\">\n\t\t\t\t\t\t\t\t\t<span class=\"elementor-button-text\">Ota yhteytt\u00e4<\/span>\n\t\t\t\t\t<\/span>\n\t\t\t\t\t<\/a>\n\t\t\t\t<\/div>\n\t\t\t\t\t\t\t\t<\/div>\n\t\t\t\t<\/div>\n\t\t\t\t\t<\/div>\n\t\t\t\t<\/div>\n\t\t\t\t\t<\/div>\n\t\t\t\t<\/div>\n\t\t\t\t<\/div>\n\t\t\t\t<\/div>\n\t\t\t\t\t\t<\/div>\n\t\t\t\t<\/div>\n\t\t\t\t<\/div>\n\t\t\t\t<\/div>","protected":false},"excerpt":{"rendered":"<p>Stop replacing your oil Start cleaning it Industry rides on an oil film of less than 10\u00b5. This minimal oil film guarantees a perfect lubrication of your hydraulic machinery and gearboxes.Practice shows that more than 70% of all hydraulic machinery are highly contaminated (&gt; NAS 9, &gt; ISO 21\/18\/16), but perfect lubrication requires 100% clean [&hellip;]<\/p>\n","protected":false},"author":2,"featured_media":0,"parent":0,"menu_order":0,"comment_status":"closed","ping_status":"closed","template":"","meta":{"_seopress_robots_primary_cat":"","_seopress_titles_title":"","_seopress_titles_desc":"","_seopress_robots_index":"","footnotes":""},"class_list":["post-457","page","type-page","status-publish","hentry"],"_links":{"self":[{"href":"https:\/\/www.triple-r-europe.com\/fi\/wp-json\/wp\/v2\/pages\/457","targetHints":{"allow":["GET"]}}],"collection":[{"href":"https:\/\/www.triple-r-europe.com\/fi\/wp-json\/wp\/v2\/pages"}],"about":[{"href":"https:\/\/www.triple-r-europe.com\/fi\/wp-json\/wp\/v2\/types\/page"}],"author":[{"embeddable":true,"href":"https:\/\/www.triple-r-europe.com\/fi\/wp-json\/wp\/v2\/users\/2"}],"replies":[{"embeddable":true,"href":"https:\/\/www.triple-r-europe.com\/fi\/wp-json\/wp\/v2\/comments?post=457"}],"version-history":[{"count":0,"href":"https:\/\/www.triple-r-europe.com\/fi\/wp-json\/wp\/v2\/pages\/457\/revisions"}],"wp:attachment":[{"href":"https:\/\/www.triple-r-europe.com\/fi\/wp-json\/wp\/v2\/media?parent=457"}],"curies":[{"name":"wp","href":"https:\/\/api.w.org\/{rel}","templated":true}]}}