{"id":2008,"date":"2023-10-24T11:52:50","date_gmt":"2023-10-24T09:52:50","guid":{"rendered":"https:\/\/rrr.mailbox-marketing10.be\/?page_id=2008"},"modified":"2023-10-25T17:19:09","modified_gmt":"2023-10-25T15:19:09","slug":"sitemap","status":"publish","type":"page","link":"https:\/\/www.triple-r-europe.com\/sv\/sitemap\/","title":{"rendered":"Sitemap"},"content":{"rendered":"<div data-elementor-type=\"wp-page\" data-elementor-id=\"2008\" class=\"elementor elementor-2008\" data-elementor-settings=\"{&quot;ha_cmc_init_switcher&quot;:&quot;no&quot;}\" data-elementor-post-type=\"page\">\n\t\t\t\t<div class=\"elementor-element elementor-element-5907f36 e-flex e-con-boxed e-con e-parent\" data-id=\"5907f36\" data-element_type=\"container\" data-e-type=\"container\" data-settings=\"{&quot;jet_parallax_layout_list&quot;:[],&quot;_ha_eqh_enable&quot;:false}\">\n\t\t\t\t\t<div class=\"e-con-inner\">\n\t\t\t\t<div class=\"elementor-element elementor-element-3185e9e elementor-widget elementor-widget-heading\" data-id=\"3185e9e\" data-element_type=\"widget\" data-e-type=\"widget\" data-widget_type=\"heading.default\">\n\t\t\t\t<div class=\"elementor-widget-container\">\n\t\t\t\t\t<h1 class=\"elementor-heading-title elementor-size-default\">Sitemap<\/h1>\t\t\t\t<\/div>\n\t\t\t\t<\/div>\n\t\t\t\t<div class=\"elementor-element elementor-element-be54fc5 elementor-widget elementor-widget-sitemap\" data-id=\"be54fc5\" data-element_type=\"widget\" data-e-type=\"widget\" data-widget_type=\"sitemap.default\">\n\t\t\t\t<div class=\"elementor-widget-container\">\n\t\t\t\t\t<div class=\"elementor-sitemap-wrap\"><div class=\"elementor-sitemap-section\"><span class=\"elementor-sitemap-title elementor-sitemap-page-title\">Sidor<\/span><ul class=\"elementor-sitemap-list elementor-sitemap-page-list\"><li class=\"elementor-sitemap-item elementor-sitemap-item-page page_item page-item-98\"><a href=\"https:\/\/www.triple-r-europe.com\/sv\/teknik\/\">Tribologi<\/a><\/li><li class=\"elementor-sitemap-item elementor-sitemap-item-page page_item page-item-457\"><a href=\"https:\/\/www.triple-r-europe.com\/sv\/total-oljehantering\/\">Total oljehantering<\/a><\/li><li class=\"elementor-sitemap-item elementor-sitemap-item-page page_item page-item-3884\"><a href=\"https:\/\/www.triple-r-europe.com\/sv\/tack\/\">Tack<\/a><\/li><li class=\"elementor-sitemap-item elementor-sitemap-item-page page_item page-item-84\"><a href=\"https:\/\/www.triple-r-europe.com\/sv\/lonsamhet\/\">L\u00f6nsamhet<\/a><\/li><li class=\"elementor-sitemap-item elementor-sitemap-item-page page_item page-item-82\"><a href=\"https:\/\/www.triple-r-europe.com\/sv\/produkter\/\">Produkter<\/a><\/li><li class=\"elementor-sitemap-item elementor-sitemap-item-page page_item page-item-92\"><a href=\"https:\/\/www.triple-r-europe.com\/sv\/integritet\/\">Integritet<\/a><\/li><li class=\"elementor-sitemap-item elementor-sitemap-item-page page_item page-item-4244\"><a href=\"https:\/\/www.triple-r-europe.com\/sv\/industriell-oljefiltrering\/\">Industriell oljefiltrering<\/a><\/li><li class=\"elementor-sitemap-item elementor-sitemap-item-page page_item page-item-7\"><a href=\"https:\/\/www.triple-r-europe.com\/sv\/\">Hem<\/a><\/li><li class=\"elementor-sitemap-item elementor-sitemap-item-page page_item page-item-86\"><a href=\"https:\/\/www.triple-r-europe.com\/sv\/kontakt\/\">Kontakt<\/a><\/li><li class=\"elementor-sitemap-item elementor-sitemap-item-page page_item page-item-455\"><a href=\"https:\/\/www.triple-r-europe.com\/sv\/kalkylator\/\">Kalkylator<\/a><\/li><li class=\"elementor-sitemap-item elementor-sitemap-item-page page_item page-item-4300\"><a href=\"https:\/\/www.triple-r-europe.com\/sv\/blogg\/\">Blogg<\/a><\/li><li class=\"elementor-sitemap-item elementor-sitemap-item-page page_item page-item-88\"><a href=\"https:\/\/www.triple-r-europe.com\/sv\/tillampningar\/\">Till\u00e4mpningar<\/a><\/li><li class=\"elementor-sitemap-item elementor-sitemap-item-page page_item page-item-90\"><a href=\"https:\/\/www.triple-r-europe.com\/sv\/om-oss\/\">Om oss<\/a><\/li><\/ul><\/div><div class=\"elementor-sitemap-section\"><span class=\"elementor-sitemap-title elementor-sitemap-product-title\">Produkter<\/span><ul class=\"elementor-sitemap-list elementor-sitemap-product-list\"><li class=\"elementor-sitemap-item elementor-sitemap-item-product page_item page-item-514\"><a href=\"https:\/\/www.triple-r-europe.com\/sv\/product\/filterinsatser\/\">Filterelement<\/a><\/li><li class=\"elementor-sitemap-item elementor-sitemap-item-product page_item page-item-515\"><a href=\"https:\/\/www.triple-r-europe.com\/sv\/product\/bu-serien\/\">BU-serien<\/a><\/li><li class=\"elementor-sitemap-item elementor-sitemap-item-product page_item page-item-516\"><a href=\"https:\/\/www.triple-r-europe.com\/sv\/product\/se-serien\/\">SE-serien<\/a><\/li><li class=\"elementor-sitemap-item elementor-sitemap-item-product page_item page-item-518\"><a href=\"https:\/\/www.triple-r-europe.com\/sv\/product\/tr-serien\/\">TR-serien<\/a><\/li><li class=\"elementor-sitemap-item elementor-sitemap-item-product page_item page-item-520\"><a href=\"https:\/\/www.triple-r-europe.com\/sv\/product\/osca-serien\/\">OSCA-serien<\/a><\/li><li class=\"elementor-sitemap-item elementor-sitemap-item-product page_item page-item-521\"><a href=\"https:\/\/www.triple-r-europe.com\/sv\/product\/ws-serien\/\">WS-serien<\/a><\/li><li class=\"elementor-sitemap-item elementor-sitemap-item-product page_item page-item-522\"><a href=\"https:\/\/www.triple-r-europe.com\/sv\/product\/quicktoron\/\">Quicktoron<\/a><\/li><li class=\"elementor-sitemap-item elementor-sitemap-item-product page_item page-item-519\"><a href=\"https:\/\/www.triple-r-europe.com\/sv\/product\/ss-serien\/\">SS-serien<\/a><\/li><li class=\"elementor-sitemap-item elementor-sitemap-item-product page_item page-item-1059\"><a href=\"https:\/\/www.triple-r-europe.com\/sv\/product\/vakuumdehydrator\/\">Vakuumtorkare<\/a><\/li><li class=\"elementor-sitemap-item elementor-sitemap-item-product page_item page-item-1057\"><a href=\"https:\/\/www.triple-r-europe.com\/sv\/product\/centrifuger\/\">Centrifuger<\/a><\/li><\/ul><\/div><div class=\"elementor-sitemap-section\"><span class=\"elementor-sitemap-title elementor-sitemap-application-title\">Till\u00e4mpningar<\/span><ul class=\"elementor-sitemap-list elementor-sitemap-application-list\"><li class=\"elementor-sitemap-item elementor-sitemap-item-application page_item page-item-1018\"><a href=\"https:\/\/www.triple-r-europe.com\/sv\/application\/luftfart\/\">Luftfart<\/a><\/li><li class=\"elementor-sitemap-item elementor-sitemap-item-application page_item page-item-924\"><a href=\"https:\/\/www.triple-r-europe.com\/sv\/application\/biltillverkare\/\">Biltillverkare<\/a><\/li><li class=\"elementor-sitemap-item elementor-sitemap-item-application page_item page-item-1015\"><a href=\"https:\/\/www.triple-r-europe.com\/sv\/application\/anlaggningsmaskiner\/\">Entreprenadmaskiner<\/a><\/li><li class=\"elementor-sitemap-item elementor-sitemap-item-application page_item page-item-1019\"><a href=\"https:\/\/www.triple-r-europe.com\/sv\/application\/energi\/\">Energi<\/a><\/li><li class=\"elementor-sitemap-item elementor-sitemap-item-application page_item page-item-920\"><a href=\"https:\/\/www.triple-r-europe.com\/sv\/application\/hydrauliska-system\/\">Hydrauliska system<\/a><\/li><li class=\"elementor-sitemap-item elementor-sitemap-item-application page_item page-item-1021\"><a href=\"https:\/\/www.triple-r-europe.com\/sv\/application\/marin\/\">Marin<\/a><\/li><li class=\"elementor-sitemap-item elementor-sitemap-item-application page_item page-item-929\"><a href=\"https:\/\/www.triple-r-europe.com\/sv\/application\/pappersindustrin\/\">Pappersindustrin<\/a><\/li><li class=\"elementor-sitemap-item elementor-sitemap-item-application page_item page-item-1022\"><a href=\"https:\/\/www.triple-r-europe.com\/sv\/application\/petrokemikalier\/\">Petrokemisk<\/a><\/li><li class=\"elementor-sitemap-item elementor-sitemap-item-application page_item page-item-1016\"><a href=\"https:\/\/www.triple-r-europe.com\/sv\/application\/jarnvag\/\">J\u00e4rnv\u00e4g<\/a><\/li><li class=\"elementor-sitemap-item elementor-sitemap-item-application page_item page-item-928\"><a href=\"https:\/\/www.triple-r-europe.com\/sv\/application\/stal-jarn\/\">St\u00e5l och j\u00e4rn<\/a><\/li><li class=\"elementor-sitemap-item elementor-sitemap-item-application page_item page-item-1017\"><a href=\"https:\/\/www.triple-r-europe.com\/sv\/application\/transport\/\">Transport<\/a><\/li><li class=\"elementor-sitemap-item elementor-sitemap-item-application page_item page-item-1020\"><a href=\"https:\/\/www.triple-r-europe.com\/sv\/application\/vindkraft\/\">Vindkraft<\/a><\/li><\/ul><\/div><div class=\"elementor-sitemap-section\"><span class=\"elementor-sitemap-title elementor-sitemap-tribology-title\">Tribologi<\/span><ul class=\"elementor-sitemap-list elementor-sitemap-tribology-list\"><li class=\"elementor-sitemap-item elementor-sitemap-item-tribology page_item page-item-766\"><a href=\"https:\/\/www.triple-r-europe.com\/sv\/tribology\/luftbubblor\/\">Luftbubblor<\/a><\/li><li class=\"elementor-sitemap-item elementor-sitemap-item-tribology page_item page-item-523\"><a href=\"https:\/\/www.triple-r-europe.com\/sv\/tribology\/rengoring-av-bypassolja\/\">Reng\u00f6ring av f\u00f6rbikopplingsolja<\/a><\/li><li class=\"elementor-sitemap-item elementor-sitemap-item-tribology page_item page-item-524\"><a href=\"https:\/\/www.triple-r-europe.com\/sv\/tribology\/garanterat-ren\/\">Garanterat ren<\/a><\/li><li class=\"elementor-sitemap-item elementor-sitemap-item-tribology page_item page-item-525\"><a href=\"https:\/\/www.triple-r-europe.com\/sv\/tribology\/oljeanalys\/\">Analys av olja<\/a><\/li><li class=\"elementor-sitemap-item elementor-sitemap-item-tribology page_item page-item-526\"><a href=\"https:\/\/www.triple-r-europe.com\/sv\/tribology\/fasta-partiklar\/\">Fasta partiklar<\/a><\/li><li class=\"elementor-sitemap-item elementor-sitemap-item-tribology page_item page-item-528\"><a href=\"https:\/\/www.triple-r-europe.com\/sv\/tribology\/lack\/\">Lack<\/a><\/li><li class=\"elementor-sitemap-item elementor-sitemap-item-tribology page_item page-item-527\"><a href=\"https:\/\/www.triple-r-europe.com\/sv\/tribology\/vatten\/\">Vatten<\/a><\/li><\/ul><\/div><\/div>\t\t\t\t<\/div>\n\t\t\t\t<\/div>\n\t\t\t\t\t<\/div>\n\t\t\t\t<\/div>\n\t\t<div class=\"elementor-element elementor-element-38f3c4a e-con-full e-flex e-con e-parent\" data-id=\"38f3c4a\" data-element_type=\"container\" data-e-type=\"container\" data-settings=\"{&quot;jet_parallax_layout_list&quot;:[],&quot;_ha_eqh_enable&quot;:false}\">\n\t\t\t\t<div class=\"elementor-element elementor-element-d426dee elementor-widget elementor-widget-template\" data-id=\"d426dee\" data-element_type=\"widget\" data-e-type=\"widget\" data-widget_type=\"template.default\">\n\t\t\t\t<div class=\"elementor-widget-container\">\n\t\t\t\t\t\t\t<div class=\"elementor-template\">\n\t\t\t\t\t<div data-elementor-type=\"section\" data-elementor-id=\"495\" class=\"elementor elementor-495\" data-elementor-settings=\"{&quot;ha_cmc_init_switcher&quot;:&quot;no&quot;}\" data-elementor-post-type=\"elementor_library\">\n\t\t\t<div class=\"elementor-element elementor-element-f9c6ba7 e-flex e-con-boxed e-con e-parent\" data-id=\"f9c6ba7\" data-element_type=\"container\" data-e-type=\"container\" data-settings=\"{&quot;background_background&quot;:&quot;classic&quot;,&quot;jet_parallax_layout_list&quot;:[],&quot;_ha_eqh_enable&quot;:false}\">\n\t\t\t\t\t<div class=\"e-con-inner\">\n\t\t\t\t<div class=\"elementor-element elementor-element-f23febe elementor-widget elementor-widget-heading\" data-id=\"f23febe\" data-element_type=\"widget\" data-e-type=\"widget\" data-widget_type=\"heading.default\">\n\t\t\t\t<div class=\"elementor-widget-container\">\n\t\t\t\t\t<h2 class=\"elementor-heading-title elementor-size-default\">Kontakta oss f\u00f6r helt\u00e4ckande l\u00f6sningar<\/h2>\t\t\t\t<\/div>\n\t\t\t\t<\/div>\n\t\t\t\t<div class=\"elementor-element elementor-element-f27d57f elementor-widget elementor-widget-text-editor\" data-id=\"f27d57f\" data-element_type=\"widget\" data-e-type=\"widget\" data-widget_type=\"text-editor.default\">\n\t\t\t\t<div class=\"elementor-widget-container\">\n\t\t\t\t\t\t\t\t\t<p>Upplev v\u00e5ra f\u00f6rstklassiga l\u00f6sningar f\u00f6r filtrering och oljerening som \u00e4r utformade f\u00f6r att uppfylla dina specifika behov. V\u00e5rt engagerade team \u00e4r redo att hj\u00e4lpa dig med alla f\u00f6rfr\u00e5gningar, teknisk support eller schemal\u00e4ggningskonsultationer.<\/p>\t\t\t\t\t\t\t\t<\/div>\n\t\t\t\t<\/div>\n\t\t<div class=\"elementor-element elementor-element-e41a51c e-flex e-con-boxed e-con e-child\" data-id=\"e41a51c\" data-element_type=\"container\" data-e-type=\"container\" data-settings=\"{&quot;jet_parallax_layout_list&quot;:[],&quot;_ha_eqh_enable&quot;:false}\">\n\t\t\t\t\t<div class=\"e-con-inner\">\n\t\t\t\t<div class=\"elementor-element elementor-element-836a652 elementor-widget__width-auto my-gradient-btn elementor-widget elementor-widget-button\" data-id=\"836a652\" data-element_type=\"widget\" data-e-type=\"widget\" data-widget_type=\"button.default\">\n\t\t\t\t<div class=\"elementor-widget-container\">\n\t\t\t\t\t\t\t\t\t<div class=\"elementor-button-wrapper\">\n\t\t\t\t\t<a class=\"elementor-button elementor-button-link elementor-size-sm\" href=\"https:\/\/www.triple-r-europe.com\/sv\/kontakt\/\">\n\t\t\t\t\t\t<span class=\"elementor-button-content-wrapper\">\n\t\t\t\t\t\t\t\t\t<span class=\"elementor-button-text\">Kontakta oss<\/span>\n\t\t\t\t\t<\/span>\n\t\t\t\t\t<\/a>\n\t\t\t\t<\/div>\n\t\t\t\t\t\t\t\t<\/div>\n\t\t\t\t<\/div>\n\t\t\t\t\t<\/div>\n\t\t\t\t<\/div>\n\t\t\t\t\t<\/div>\n\t\t\t\t<\/div>\n\t\t\t\t<\/div>\n\t\t\t\t<\/div>\n\t\t\t\t\t\t<\/div>\n\t\t\t\t<\/div>\n\t\t\t\t<\/div>\n\t\t\t\t<\/div>","protected":false},"excerpt":{"rendered":"<p>Sitemap<\/p>","protected":false},"author":3,"featured_media":0,"parent":0,"menu_order":0,"comment_status":"closed","ping_status":"closed","template":"","meta":{"_seopress_robots_primary_cat":"","_seopress_titles_title":"","_seopress_titles_desc":"","_seopress_robots_index":"","footnotes":""},"class_list":["post-2008","page","type-page","status-publish","hentry"],"_links":{"self":[{"href":"https:\/\/www.triple-r-europe.com\/sv\/wp-json\/wp\/v2\/pages\/2008","targetHints":{"allow":["GET"]}}],"collection":[{"href":"https:\/\/www.triple-r-europe.com\/sv\/wp-json\/wp\/v2\/pages"}],"about":[{"href":"https:\/\/www.triple-r-europe.com\/sv\/wp-json\/wp\/v2\/types\/page"}],"author":[{"embeddable":true,"href":"https:\/\/www.triple-r-europe.com\/sv\/wp-json\/wp\/v2\/users\/3"}],"replies":[{"embeddable":true,"href":"https:\/\/www.triple-r-europe.com\/sv\/wp-json\/wp\/v2\/comments?post=2008"}],"version-history":[{"count":0,"href":"https:\/\/www.triple-r-europe.com\/sv\/wp-json\/wp\/v2\/pages\/2008\/revisions"}],"wp:attachment":[{"href":"https:\/\/www.triple-r-europe.com\/sv\/wp-json\/wp\/v2\/media?parent=2008"}],"curies":[{"name":"wp","href":"https:\/\/api.w.org\/{rel}","templated":true}]}}