{"id":522,"date":"2023-10-13T14:32:13","date_gmt":"2023-10-13T12:32:13","guid":{"rendered":"https:\/\/rrr.mailbox-marketing10.be\/?post_type=product&#038;p=522"},"modified":"2023-12-19T10:18:56","modified_gmt":"2023-12-19T09:18:56","slug":"quicktoron","status":"publish","type":"product","link":"https:\/\/www.triple-r-europe.com\/sv\/product\/quicktoron\/","title":{"rendered":"Quicktoron"},"content":{"rendered":"<div data-elementor-type=\"wp-post\" data-elementor-id=\"522\" class=\"elementor elementor-522\" data-elementor-settings=\"{&quot;ha_cmc_init_switcher&quot;:&quot;no&quot;}\" data-elementor-post-type=\"product\">\n\t\t\t\t<div class=\"elementor-element elementor-element-c4da8e5 e-flex e-con-boxed e-con e-parent\" data-id=\"c4da8e5\" data-element_type=\"container\" data-e-type=\"container\" data-settings=\"{&quot;background_background&quot;:&quot;classic&quot;,&quot;jet_parallax_layout_list&quot;:[],&quot;_ha_eqh_enable&quot;:false}\">\n\t\t\t\t\t<div class=\"e-con-inner\">\n\t\t<div class=\"elementor-element elementor-element-a02b5b2 e-con-full e-flex e-con e-child\" data-id=\"a02b5b2\" data-element_type=\"container\" data-e-type=\"container\" data-settings=\"{&quot;jet_parallax_layout_list&quot;:[],&quot;_ha_eqh_enable&quot;:false}\">\n\t\t\t\t<div class=\"elementor-element elementor-element-59fdc87 elementor-widget elementor-widget-heading\" data-id=\"59fdc87\" data-element_type=\"widget\" data-e-type=\"widget\" data-widget_type=\"heading.default\">\n\t\t\t\t<div class=\"elementor-widget-container\">\n\t\t\t\t\t<h1 class=\"elementor-heading-title elementor-size-default\">Avl\u00e4gsnar luftbubblor: <br>Quicktoron<\/h1>\t\t\t\t<\/div>\n\t\t\t\t<\/div>\n\t\t\t\t<div class=\"elementor-element elementor-element-8083386 elementor-icon-list--layout-traditional elementor-list-item-link-full_width elementor-widget elementor-widget-icon-list\" data-id=\"8083386\" data-element_type=\"widget\" data-e-type=\"widget\" data-widget_type=\"icon-list.default\">\n\t\t\t\t<div class=\"elementor-widget-container\">\n\t\t\t\t\t\t\t<ul class=\"elementor-icon-list-items\">\n\t\t\t\t\t\t\t<li class=\"elementor-icon-list-item\">\n\t\t\t\t\t\t\t\t\t\t\t<span class=\"elementor-icon-list-icon\">\n\t\t\t\t\t\t\t<svg aria-hidden=\"true\" class=\"e-font-icon-svg e-fas-circle\" viewbox=\"0 0 512 512\" xmlns=\"http:\/\/www.w3.org\/2000\/svg\"><path d=\"M256 8C119 8 8 119 8 256s111 248 248 248 248-111 248-248S393 8 256 8z\"><\/path><\/svg>\t\t\t\t\t\t<\/span>\n\t\t\t\t\t\t\t\t\t\t<span class=\"elementor-icon-list-text\">Quicktoron \u00e4r en anordning f\u00f6r att avl\u00e4gsna luftbubblor fr\u00e5n v\u00e4tskor.<\/span>\n\t\t\t\t\t\t\t\t\t<\/li>\n\t\t\t\t\t\t\t\t<li class=\"elementor-icon-list-item\">\n\t\t\t\t\t\t\t\t\t\t\t<span class=\"elementor-icon-list-icon\">\n\t\t\t\t\t\t\t<svg aria-hidden=\"true\" class=\"e-font-icon-svg e-fas-circle\" viewbox=\"0 0 512 512\" xmlns=\"http:\/\/www.w3.org\/2000\/svg\"><path d=\"M256 8C119 8 8 119 8 256s111 248 248 248 248-111 248-248S393 8 256 8z\"><\/path><\/svg>\t\t\t\t\t\t<\/span>\n\t\t\t\t\t\t\t\t\t\t<span class=\"elementor-icon-list-text\">Den bygger p\u00e5 cyklonprincipen och eliminerar mycket effektivt alla sm\u00e5 luftbubblor som fastnat och blandats i v\u00e4tskan.<\/span>\n\t\t\t\t\t\t\t\t\t<\/li>\n\t\t\t\t\t\t\t\t<li class=\"elementor-icon-list-item\">\n\t\t\t\t\t\t\t\t\t\t\t<span class=\"elementor-icon-list-icon\">\n\t\t\t\t\t\t\t<svg aria-hidden=\"true\" class=\"e-font-icon-svg e-fas-circle\" viewbox=\"0 0 512 512\" xmlns=\"http:\/\/www.w3.org\/2000\/svg\"><path d=\"M256 8C119 8 8 119 8 256s111 248 248 248 248-111 248-248S393 8 256 8z\"><\/path><\/svg>\t\t\t\t\t\t<\/span>\n\t\t\t\t\t\t\t\t\t\t<span class=\"elementor-icon-list-text\">Quicktoron bidrar ocks\u00e5 till att bibeh\u00e5lla filterelementens filtreringsprestanda. De flesta luftbubblor \u00e4r st\u00f6rre \u00e4n fasta f\u00f6roreningar. N\u00e4r dessa luftbubblor passerar genom filterelementen skapar de st\u00f6rre kanaler, vilket g\u00f6r att f\u00f6roreningar kan passera utan att f\u00e5ngas upp, och oljefiltrens filtreringsprestanda f\u00f6rs\u00e4mras.<\/span>\n\t\t\t\t\t\t\t\t\t<\/li>\n\t\t\t\t\t\t\t\t<li class=\"elementor-icon-list-item\">\n\t\t\t\t\t\t\t\t\t\t\t<span class=\"elementor-icon-list-icon\">\n\t\t\t\t\t\t\t<svg aria-hidden=\"true\" class=\"e-font-icon-svg e-fas-circle\" viewbox=\"0 0 512 512\" xmlns=\"http:\/\/www.w3.org\/2000\/svg\"><path d=\"M256 8C119 8 8 119 8 256s111 248 248 248 248-111 248-248S393 8 256 8z\"><\/path><\/svg>\t\t\t\t\t\t<\/span>\n\t\t\t\t\t\t\t\t\t\t<span class=\"elementor-icon-list-text\">Quicktoron-enheterna \u00e4r mycket kompakta, enkla att installera och erbjuder en mycket ekonomisk l\u00f6sning f\u00f6r att snabbt och effektivt avl\u00e4gsna luftbubblor.<\/span>\n\t\t\t\t\t\t\t\t\t<\/li>\n\t\t\t\t\t\t\t\t<li class=\"elementor-icon-list-item\">\n\t\t\t\t\t\t\t\t\t\t\t<span class=\"elementor-icon-list-icon\">\n\t\t\t\t\t\t\t<svg aria-hidden=\"true\" class=\"e-font-icon-svg e-fas-circle\" viewbox=\"0 0 512 512\" xmlns=\"http:\/\/www.w3.org\/2000\/svg\"><path d=\"M256 8C119 8 8 119 8 256s111 248 248 248 248-111 248-248S393 8 256 8z\"><\/path><\/svg>\t\t\t\t\t\t<\/span>\n\t\t\t\t\t\t\t\t\t\t<span class=\"elementor-icon-list-text\">Vanligtvis anv\u00e4nds Quicktoron i kombination med v\u00e5r OSCA-serie.<\/span>\n\t\t\t\t\t\t\t\t\t<\/li>\n\t\t\t\t\t\t<\/ul>\n\t\t\t\t\t\t<\/div>\n\t\t\t\t<\/div>\n\t\t\t\t<div class=\"elementor-element elementor-element-a86456f elementor-widget__width-auto my-gradient-btn elementor-widget elementor-widget-button\" data-id=\"a86456f\" data-element_type=\"widget\" data-e-type=\"widget\" data-widget_type=\"button.default\">\n\t\t\t\t<div class=\"elementor-widget-container\">\n\t\t\t\t\t\t\t\t\t<div class=\"elementor-button-wrapper\">\n\t\t\t\t\t<a class=\"elementor-button elementor-button-link elementor-size-sm\" href=\"https:\/\/www.triple-r-europe.com\/wp-content\/uploads\/2023\/10\/QUICKTORON-2023-ENGLISH.pdf\" target=\"_blank\">\n\t\t\t\t\t\t<span class=\"elementor-button-content-wrapper\">\n\t\t\t\t\t\t\t\t\t<span class=\"elementor-button-text\">Se datablad<\/span>\n\t\t\t\t\t<\/span>\n\t\t\t\t\t<\/a>\n\t\t\t\t<\/div>\n\t\t\t\t\t\t\t\t<\/div>\n\t\t\t\t<\/div>\n\t\t\t\t<\/div>\n\t\t<div class=\"elementor-element elementor-element-b52c8f2 e-con-full e-flex e-con e-child\" data-id=\"b52c8f2\" data-element_type=\"container\" data-e-type=\"container\" data-settings=\"{&quot;background_background&quot;:&quot;classic&quot;,&quot;jet_parallax_layout_list&quot;:[],&quot;_ha_eqh_enable&quot;:false}\">\n\t\t\t\t<\/div>\n\t\t\t\t\t<\/div>\n\t\t\t\t<\/div>\n\t\t<div class=\"elementor-element elementor-element-90c8c26 e-flex e-con-boxed e-con e-parent\" data-id=\"90c8c26\" data-element_type=\"container\" data-e-type=\"container\" data-settings=\"{&quot;background_background&quot;:&quot;classic&quot;,&quot;jet_parallax_layout_list&quot;:[],&quot;_ha_eqh_enable&quot;:false}\">\n\t\t\t\t\t<div class=\"e-con-inner\">\n\t\t<div class=\"elementor-element elementor-element-371d467 e-con-full e-flex e-con e-child\" data-id=\"371d467\" data-element_type=\"container\" data-e-type=\"container\" data-settings=\"{&quot;jet_parallax_layout_list&quot;:[],&quot;_ha_eqh_enable&quot;:false}\">\n\t\t\t\t<div class=\"elementor-element elementor-element-a629920 elementor-widget__width-initial elementor-widget elementor-widget-heading\" data-id=\"a629920\" data-element_type=\"widget\" data-e-type=\"widget\" data-widget_type=\"heading.default\">\n\t\t\t\t<div class=\"elementor-widget-container\">\n\t\t\t\t\t<h2 class=\"elementor-heading-title elementor-size-default\">Konsekvenser av luftbubblor i olja<\/h2>\t\t\t\t<\/div>\n\t\t\t\t<\/div>\n\t\t\t\t<div class=\"elementor-element elementor-element-6718d7e elementor-widget__width-inherit elementor-widget elementor-widget-text-editor\" data-id=\"6718d7e\" data-element_type=\"widget\" data-e-type=\"widget\" data-widget_type=\"text-editor.default\">\n\t\t\t\t<div class=\"elementor-widget-container\">\n\t\t\t\t\t\t\t\t\t<ul><li>Skapar \u00f6verdrivet buller och vibrationer<\/li><\/ul>\t\t\t\t\t\t\t\t<\/div>\n\t\t\t\t<\/div>\n\t\t\t\t<div class=\"elementor-element elementor-element-ba032af elementor-widget__width-inherit elementor-widget elementor-widget-text-editor\" data-id=\"ba032af\" data-element_type=\"widget\" data-e-type=\"widget\" data-widget_type=\"text-editor.default\">\n\t\t\t\t<div class=\"elementor-widget-container\">\n\t\t\t\t\t\t\t\t\t<ul><li>\u00d6kar friktion och slitage p\u00e5 r\u00f6rliga delar<\/li><\/ul>\t\t\t\t\t\t\t\t<\/div>\n\t\t\t\t<\/div>\n\t\t\t\t<div class=\"elementor-element elementor-element-de2b1c0 elementor-widget__width-inherit elementor-widget elementor-widget-text-editor\" data-id=\"de2b1c0\" data-element_type=\"widget\" data-e-type=\"widget\" data-widget_type=\"text-editor.default\">\n\t\t\t\t<div class=\"elementor-widget-container\">\n\t\t\t\t\t\t\t\t\t<ul><li>P\u00e5skyndad oxidation av v\u00e4tskan<\/li><\/ul>\t\t\t\t\t\t\t\t<\/div>\n\t\t\t\t<\/div>\n\t\t\t\t<div class=\"elementor-element elementor-element-5f64eae elementor-widget__width-inherit elementor-widget elementor-widget-text-editor\" data-id=\"5f64eae\" data-element_type=\"widget\" data-e-type=\"widget\" data-widget_type=\"text-editor.default\">\n\t\t\t\t<div class=\"elementor-widget-container\">\n\t\t\t\t\t\t\t\t\t<ul><li>P\u00e5skyndad metallkorrosion, l\u00e4gre effektivitet hos kylaren<\/li><\/ul>\t\t\t\t\t\t\t\t<\/div>\n\t\t\t\t<\/div>\n\t\t\t\t<div class=\"elementor-element elementor-element-64c708a elementor-widget__width-inherit elementor-widget elementor-widget-text-editor\" data-id=\"64c708a\" data-element_type=\"widget\" data-e-type=\"widget\" data-widget_type=\"text-editor.default\">\n\t\t\t\t<div class=\"elementor-widget-container\">\n\t\t\t\t\t\t\t\t\t<ul><li>Orsaker till m\u00e4tfel<\/li><\/ul>\t\t\t\t\t\t\t\t<\/div>\n\t\t\t\t<\/div>\n\t\t\t\t<\/div>\n\t\t<div class=\"elementor-element elementor-element-afff139 e-con-full e-flex e-con e-child\" data-id=\"afff139\" data-element_type=\"container\" data-e-type=\"container\" data-settings=\"{&quot;jet_parallax_layout_list&quot;:[],&quot;_ha_eqh_enable&quot;:false}\">\n\t\t\t\t<div class=\"elementor-element elementor-element-984b59d elementor-widget__width-initial elementor-widget elementor-widget-heading\" data-id=\"984b59d\" data-element_type=\"widget\" data-e-type=\"widget\" data-widget_type=\"heading.default\">\n\t\t\t\t<div class=\"elementor-widget-container\">\n\t\t\t\t\t<h2 class=\"elementor-heading-title elementor-size-default\">F\u00f6rdelar med luftbubbelborttagaren<\/h2>\t\t\t\t<\/div>\n\t\t\t\t<\/div>\n\t\t\t\t<div class=\"elementor-element elementor-element-8016ed6 elementor-widget__width-inherit elementor-widget elementor-widget-text-editor\" data-id=\"8016ed6\" data-element_type=\"widget\" data-e-type=\"widget\" data-widget_type=\"text-editor.default\">\n\t\t\t\t<div class=\"elementor-widget-container\">\n\t\t\t\t\t\t\t\t\t<ul><li>Eliminerar upp till 95% av alla luftbubblor!<\/li><\/ul>\t\t\t\t\t\t\t\t<\/div>\n\t\t\t\t<\/div>\n\t\t\t\t<div class=\"elementor-element elementor-element-e9cd1be elementor-widget__width-inherit elementor-widget elementor-widget-text-editor\" data-id=\"e9cd1be\" data-element_type=\"widget\" data-e-type=\"widget\" data-widget_type=\"text-editor.default\">\n\t\t\t\t<div class=\"elementor-widget-container\">\n\t\t\t\t\t\t\t\t\t<ul><li>G\u00f6r det m\u00f6jligt att anv\u00e4nda en liten oljebeh\u00e5llare, vilket \u00e4r mycket vanligt n\u00e4r det g\u00e4ller mobil utrustning.<\/li><\/ul>\t\t\t\t\t\t\t\t<\/div>\n\t\t\t\t<\/div>\n\t\t\t\t<div class=\"elementor-element elementor-element-47ee285 elementor-widget__width-inherit elementor-widget elementor-widget-text-editor\" data-id=\"47ee285\" data-element_type=\"widget\" data-e-type=\"widget\" data-widget_type=\"text-editor.default\">\n\t\t\t\t<div class=\"elementor-widget-container\">\n\t\t\t\t\t\t\t\t\t<ul><li>Undviker pumpkavitation och f\u00f6rb\u00e4ttrar maskinens tillf\u00f6rlitlighet och komponenternas livsl\u00e4ngd.<\/li><\/ul>\t\t\t\t\t\t\t\t<\/div>\n\t\t\t\t<\/div>\n\t\t\t\t<div class=\"elementor-element elementor-element-cc9f0dd elementor-widget__width-inherit elementor-widget elementor-widget-text-editor\" data-id=\"cc9f0dd\" data-element_type=\"widget\" data-e-type=\"widget\" data-widget_type=\"text-editor.default\">\n\t\t\t\t<div class=\"elementor-widget-container\">\n\t\t\t\t\t\t\t\t\t<ul><li>F\u00f6rl\u00e4nger oljans livsl\u00e4ngd.<\/li><\/ul>\t\t\t\t\t\t\t\t<\/div>\n\t\t\t\t<\/div>\n\t\t\t\t<div class=\"elementor-element elementor-element-b79daec elementor-widget__width-inherit elementor-widget elementor-widget-text-editor\" data-id=\"b79daec\" data-element_type=\"widget\" data-e-type=\"widget\" data-widget_type=\"text-editor.default\">\n\t\t\t\t<div class=\"elementor-widget-container\">\n\t\t\t\t\t\t\t\t\t<ul><li>F\u00f6rb\u00e4ttrar oljefiltrets effektivitet.<\/li><\/ul>\t\t\t\t\t\t\t\t<\/div>\n\t\t\t\t<\/div>\n\t\t\t\t<div class=\"elementor-element elementor-element-999e6d7 elementor-widget__width-inherit elementor-widget elementor-widget-text-editor\" data-id=\"999e6d7\" data-element_type=\"widget\" data-e-type=\"widget\" data-widget_type=\"text-editor.default\">\n\t\t\t\t<div class=\"elementor-widget-container\">\n\t\t\t\t\t\t\t\t\t<ul><li>F\u00f6rb\u00e4ttrar kylarens effektivitet.<\/li><\/ul>\t\t\t\t\t\t\t\t<\/div>\n\t\t\t\t<\/div>\n\t\t\t\t<div class=\"elementor-element elementor-element-5579187 elementor-widget__width-inherit elementor-widget elementor-widget-text-editor\" data-id=\"5579187\" data-element_type=\"widget\" data-e-type=\"widget\" data-widget_type=\"text-editor.default\">\n\t\t\t\t<div class=\"elementor-widget-container\">\n\t\t\t\t\t\t\t\t\t<ul><li>F\u00f6rb\u00e4ttrar kraft\u00f6verf\u00f6ringen och sparar energi<\/li><\/ul>\t\t\t\t\t\t\t\t<\/div>\n\t\t\t\t<\/div>\n\t\t\t\t<\/div>\n\t\t\t\t\t<\/div>\n\t\t\t\t<\/div>\n\t\t<div class=\"elementor-element elementor-element-a45be3b e-flex e-con-boxed e-con e-parent\" data-id=\"a45be3b\" data-element_type=\"container\" data-e-type=\"container\" data-settings=\"{&quot;jet_parallax_layout_list&quot;:[],&quot;_ha_eqh_enable&quot;:false}\">\n\t\t\t\t\t<div class=\"e-con-inner\">\n\t\t<div class=\"elementor-element elementor-element-7fb5c1c e-con-full e-flex e-con e-child\" data-id=\"7fb5c1c\" data-element_type=\"container\" data-e-type=\"container\" data-settings=\"{&quot;jet_parallax_layout_list&quot;:[],&quot;background_background&quot;:&quot;classic&quot;,&quot;_ha_eqh_enable&quot;:false}\">\n\t\t\t\t<div class=\"elementor-element elementor-element-302149d elementor-widget elementor-widget-image\" data-id=\"302149d\" data-element_type=\"widget\" data-e-type=\"widget\" data-widget_type=\"image.default\">\n\t\t\t\t<div class=\"elementor-widget-container\">\n\t\t\t\t\t\t\t\t\t\t\t\t\t\t\t<img fetchpriority=\"high\" decoding=\"async\" width=\"800\" height=\"426\" src=\"https:\/\/www.triple-r-europe.com\/wp-content\/uploads\/2023\/10\/quicktron.jpg\" class=\"attachment-large size-large wp-image-1225\" alt=\"\" srcset=\"https:\/\/www.triple-r-europe.com\/wp-content\/uploads\/2023\/10\/quicktron.jpg 1000w, https:\/\/www.triple-r-europe.com\/wp-content\/uploads\/2023\/10\/quicktron-500x266.jpg 500w, https:\/\/www.triple-r-europe.com\/wp-content\/uploads\/2023\/10\/quicktron-768x409.jpg 768w\" sizes=\"(max-width: 800px) 100vw, 800px\" \/>\t\t\t\t\t\t\t\t\t\t\t\t\t\t\t<\/div>\n\t\t\t\t<\/div>\n\t\t\t\t<\/div>\n\t\t<div class=\"elementor-element elementor-element-71a79e7 e-con-full e-flex e-con e-child\" data-id=\"71a79e7\" data-element_type=\"container\" data-e-type=\"container\" data-settings=\"{&quot;jet_parallax_layout_list&quot;:[],&quot;background_background&quot;:&quot;classic&quot;,&quot;_ha_eqh_enable&quot;:false}\">\n\t\t\t\t<div class=\"elementor-element elementor-element-74bc6e6 elementor-widget__width-initial elementor-widget elementor-widget-heading\" data-id=\"74bc6e6\" data-element_type=\"widget\" data-e-type=\"widget\" data-widget_type=\"heading.default\">\n\t\t\t\t<div class=\"elementor-widget-container\">\n\t\t\t\t\t<h2 class=\"elementor-heading-title elementor-size-default\">Principer f\u00f6r arbetet<\/h2>\t\t\t\t<\/div>\n\t\t\t\t<\/div>\n\t\t\t\t<div class=\"elementor-element elementor-element-250ef64 elementor-widget elementor-widget-text-editor\" data-id=\"250ef64\" data-element_type=\"widget\" data-e-type=\"widget\" data-widget_type=\"text-editor.default\">\n\t\t\t\t<div class=\"elementor-widget-container\">\n\t\t\t\t\t\t\t\t\t<p>Quicktorons \u00e4r baserade p\u00e5 cyklonprincipen.\u00a0<\/p><p>Formen p\u00e5 en Quicktoron har konstruerats f\u00f6r att skapa en cykloneffekt inuti huset. Oljan cirkulerar med h\u00f6g hastighet och tvingar luftbubblorna till mitten. D\u00e4rifr\u00e5n tvingas luftbubblorna till den \u00f6vre sidan och l\u00e4mnar Quicktoron via den \u00f6vre utloppsporten. \u00a0<\/p><p>F\u00f6r b\u00e4sta resultat rekommenderar vi att fl\u00f6deshastigheten vid utloppet f\u00f6r luftbubblor justeras till ungef\u00e4r 5 till 7% av den prim\u00e4ra pumpens leverans. F\u00f6rh\u00e5llandet mellan luft och v\u00e4tska som fl\u00f6dar genom utloppsledningen f\u00f6r luftbubblor varierar beroende p\u00e5 hur mycket luft som blandas i v\u00e4tskan. Luftbubblans utloppsledning m\u00e5ste ocks\u00e5 ledas till oljetanken. Men det \u00e4r b\u00e4st att placera detta utlopp l\u00e5ngt fr\u00e5n oljesugomr\u00e5det inuti maskinerna och mot en sidopanel i luften (s\u00e5 n\u00e4ra som m\u00f6jligt ovanf\u00f6r v\u00e4tskeniv\u00e5n).<\/p><p>Huvudoljefl\u00f6det kommer att l\u00e4mna huset genom \u00f6ppningen i botten och m\u00e5ste ledas till oljetanken f\u00f6r att undvika mottryck.<\/p>\t\t\t\t\t\t\t\t<\/div>\n\t\t\t\t<\/div>\n\t\t\t\t<\/div>\n\t\t\t\t\t<\/div>\n\t\t\t\t<\/div>\n\t\t<div class=\"elementor-element elementor-element-550e4bb e-con-full e-flex e-con e-parent\" data-id=\"550e4bb\" data-element_type=\"container\" data-e-type=\"container\" data-settings=\"{&quot;jet_parallax_layout_list&quot;:[],&quot;_ha_eqh_enable&quot;:false}\">\n\t\t\t\t<div class=\"elementor-element elementor-element-8d9446d elementor-widget elementor-widget-template\" data-id=\"8d9446d\" data-element_type=\"widget\" data-e-type=\"widget\" data-widget_type=\"template.default\">\n\t\t\t\t<div class=\"elementor-widget-container\">\n\t\t\t\t\t\t\t<div class=\"elementor-template\">\n\t\t\t\t\t<div data-elementor-type=\"section\" data-elementor-id=\"495\" class=\"elementor elementor-495\" data-elementor-settings=\"{&quot;ha_cmc_init_switcher&quot;:&quot;no&quot;}\" data-elementor-post-type=\"elementor_library\">\n\t\t\t<div class=\"elementor-element elementor-element-f9c6ba7 e-flex e-con-boxed e-con e-parent\" data-id=\"f9c6ba7\" data-element_type=\"container\" data-e-type=\"container\" data-settings=\"{&quot;background_background&quot;:&quot;classic&quot;,&quot;jet_parallax_layout_list&quot;:[],&quot;_ha_eqh_enable&quot;:false}\">\n\t\t\t\t\t<div class=\"e-con-inner\">\n\t\t\t\t<div class=\"elementor-element elementor-element-f23febe elementor-widget elementor-widget-heading\" data-id=\"f23febe\" data-element_type=\"widget\" data-e-type=\"widget\" data-widget_type=\"heading.default\">\n\t\t\t\t<div class=\"elementor-widget-container\">\n\t\t\t\t\t<h2 class=\"elementor-heading-title elementor-size-default\">Kontakta oss f\u00f6r helt\u00e4ckande l\u00f6sningar<\/h2>\t\t\t\t<\/div>\n\t\t\t\t<\/div>\n\t\t\t\t<div class=\"elementor-element elementor-element-f27d57f elementor-widget elementor-widget-text-editor\" data-id=\"f27d57f\" data-element_type=\"widget\" data-e-type=\"widget\" data-widget_type=\"text-editor.default\">\n\t\t\t\t<div class=\"elementor-widget-container\">\n\t\t\t\t\t\t\t\t\t<p>Upplev v\u00e5ra f\u00f6rstklassiga l\u00f6sningar f\u00f6r filtrering och oljerening som \u00e4r utformade f\u00f6r att uppfylla dina specifika behov. V\u00e5rt engagerade team \u00e4r redo att hj\u00e4lpa dig med alla f\u00f6rfr\u00e5gningar, teknisk support eller schemal\u00e4ggningskonsultationer.<\/p>\t\t\t\t\t\t\t\t<\/div>\n\t\t\t\t<\/div>\n\t\t<div class=\"elementor-element elementor-element-e41a51c e-flex e-con-boxed e-con e-child\" data-id=\"e41a51c\" data-element_type=\"container\" data-e-type=\"container\" data-settings=\"{&quot;jet_parallax_layout_list&quot;:[],&quot;_ha_eqh_enable&quot;:false}\">\n\t\t\t\t\t<div class=\"e-con-inner\">\n\t\t\t\t<div class=\"elementor-element elementor-element-836a652 elementor-widget__width-auto my-gradient-btn elementor-widget elementor-widget-button\" data-id=\"836a652\" data-element_type=\"widget\" data-e-type=\"widget\" data-widget_type=\"button.default\">\n\t\t\t\t<div class=\"elementor-widget-container\">\n\t\t\t\t\t\t\t\t\t<div class=\"elementor-button-wrapper\">\n\t\t\t\t\t<a class=\"elementor-button elementor-button-link elementor-size-sm\" href=\"https:\/\/www.triple-r-europe.com\/sv\/kontakt\/\">\n\t\t\t\t\t\t<span class=\"elementor-button-content-wrapper\">\n\t\t\t\t\t\t\t\t\t<span class=\"elementor-button-text\">Kontakta oss<\/span>\n\t\t\t\t\t<\/span>\n\t\t\t\t\t<\/a>\n\t\t\t\t<\/div>\n\t\t\t\t\t\t\t\t<\/div>\n\t\t\t\t<\/div>\n\t\t\t\t\t<\/div>\n\t\t\t\t<\/div>\n\t\t\t\t\t<\/div>\n\t\t\t\t<\/div>\n\t\t\t\t<\/div>\n\t\t\t\t<\/div>\n\t\t\t\t\t\t<\/div>\n\t\t\t\t<\/div>\n\t\t\t\t<\/div>\n\t\t\t\t<\/div>","protected":false},"parent":0,"menu_order":6,"template":"","class_list":["post-522","product","type-product","status-publish","hentry"],"_links":{"self":[{"href":"https:\/\/www.triple-r-europe.com\/sv\/wp-json\/wp\/v2\/product\/522","targetHints":{"allow":["GET"]}}],"collection":[{"href":"https:\/\/www.triple-r-europe.com\/sv\/wp-json\/wp\/v2\/product"}],"about":[{"href":"https:\/\/www.triple-r-europe.com\/sv\/wp-json\/wp\/v2\/types\/product"}],"version-history":[{"count":0,"href":"https:\/\/www.triple-r-europe.com\/sv\/wp-json\/wp\/v2\/product\/522\/revisions"}],"wp:attachment":[{"href":"https:\/\/www.triple-r-europe.com\/sv\/wp-json\/wp\/v2\/media?parent=522"}],"curies":[{"name":"wp","href":"https:\/\/api.w.org\/{rel}","templated":true}]}}